{"id":2514,"date":"2020-08-01T15:07:23","date_gmt":"2020-08-01T13:07:23","guid":{"rendered":"https:\/\/dev.ilv-fernerkundung.de\/?page_id=2514"},"modified":"2025-01-07T10:37:43","modified_gmt":"2025-01-07T09:37:43","slug":"contacto","status":"publish","type":"page","link":"https:\/\/ilv-fernerkundung.de\/pt-pt\/contacto\/","title":{"rendered":"Contacto"},"content":{"rendered":"\t\t<div data-elementor-type=\"wp-page\" data-elementor-id=\"2514\" class=\"elementor elementor-2514 elementor-35\" data-elementor-settings=\"{&quot;element_pack_global_tooltip_width&quot;:{&quot;unit&quot;:&quot;px&quot;,&quot;size&quot;:&quot;&quot;,&quot;sizes&quot;:[]},&quot;element_pack_global_tooltip_width_tablet&quot;:{&quot;unit&quot;:&quot;px&quot;,&quot;size&quot;:&quot;&quot;,&quot;sizes&quot;:[]},&quot;element_pack_global_tooltip_width_mobile&quot;:{&quot;unit&quot;:&quot;px&quot;,&quot;size&quot;:&quot;&quot;,&quot;sizes&quot;:[]},&quot;element_pack_global_tooltip_padding&quot;:{&quot;unit&quot;:&quot;px&quot;,&quot;top&quot;:&quot;&quot;,&quot;right&quot;:&quot;&quot;,&quot;bottom&quot;:&quot;&quot;,&quot;left&quot;:&quot;&quot;,&quot;isLinked&quot;:true},&quot;element_pack_global_tooltip_padding_tablet&quot;:{&quot;unit&quot;:&quot;px&quot;,&quot;top&quot;:&quot;&quot;,&quot;right&quot;:&quot;&quot;,&quot;bottom&quot;:&quot;&quot;,&quot;left&quot;:&quot;&quot;,&quot;isLinked&quot;:true},&quot;element_pack_global_tooltip_padding_mobile&quot;:{&quot;unit&quot;:&quot;px&quot;,&quot;top&quot;:&quot;&quot;,&quot;right&quot;:&quot;&quot;,&quot;bottom&quot;:&quot;&quot;,&quot;left&quot;:&quot;&quot;,&quot;isLinked&quot;:true},&quot;element_pack_global_tooltip_border_radius&quot;:{&quot;unit&quot;:&quot;px&quot;,&quot;top&quot;:&quot;&quot;,&quot;right&quot;:&quot;&quot;,&quot;bottom&quot;:&quot;&quot;,&quot;left&quot;:&quot;&quot;,&quot;isLinked&quot;:true},&quot;element_pack_global_tooltip_border_radius_tablet&quot;:{&quot;unit&quot;:&quot;px&quot;,&quot;top&quot;:&quot;&quot;,&quot;right&quot;:&quot;&quot;,&quot;bottom&quot;:&quot;&quot;,&quot;left&quot;:&quot;&quot;,&quot;isLinked&quot;:true},&quot;element_pack_global_tooltip_border_radius_mobile&quot;:{&quot;unit&quot;:&quot;px&quot;,&quot;top&quot;:&quot;&quot;,&quot;right&quot;:&quot;&quot;,&quot;bottom&quot;:&quot;&quot;,&quot;left&quot;:&quot;&quot;,&quot;isLinked&quot;:true}}\" data-elementor-post-type=\"page\">\n\t\t\t\t<div class=\"elementor-element elementor-element-52dac65 e-flex e-con-boxed e-con e-parent\" data-id=\"52dac65\" data-element_type=\"container\" data-e-type=\"container\">\n\t\t\t\t\t<div class=\"e-con-inner\">\n\t\t<div class=\"elementor-element elementor-element-6ce752a e-con-full e-flex e-con e-child\" data-id=\"6ce752a\" data-element_type=\"container\" data-e-type=\"container\">\n\t\t\t\t<div class=\"elementor-element elementor-element-6859582 elementor-invisible elementor-widget elementor-widget-text-editor\" data-id=\"6859582\" data-element_type=\"widget\" data-e-type=\"widget\" data-settings=\"{&quot;_animation&quot;:&quot;fadeInUp&quot;}\" data-widget_type=\"text-editor.default\">\n\t\t\t\t\t\t\t\t\t<p>Se esti\u00adver inte\u00adres\u00adsa\u00addo nos nos\u00adsos ser\u00advi\u00ad\u00e7os, con\u00adtac\u00adte-nos. Aguar\u00adda\u00admos a sua men\u00adsa\u00adgem ou cha\u00adma\u00adda com todo o pra\u00adzer!<\/p>\t\t\t\t\t\t\t\t<\/div>\n\t\t\t\t<div class=\"elementor-element elementor-element-238cb3e elementor-button-align-stretch elementor-invisible elementor-widget elementor-widget-form\" data-id=\"238cb3e\" data-element_type=\"widget\" data-e-type=\"widget\" data-settings=\"{&quot;button_width&quot;:&quot;20&quot;,&quot;step_next_label&quot;:&quot;N\\u00e4chster&quot;,&quot;step_previous_label&quot;:&quot;Voriger&quot;,&quot;_animation&quot;:&quot;fadeInUp&quot;,&quot;step_type&quot;:&quot;number_text&quot;,&quot;step_icon_shape&quot;:&quot;circle&quot;}\" data-widget_type=\"form.default\">\n\t\t\t\t\t\t\t<form class=\"elementor-form\" method=\"post\" name=\"Kontaktformular\" aria-label=\"Kontaktformular\">\n\t\t\t<input type=\"hidden\" name=\"post_id\" value=\"2514\">\n\t\t\t<input type=\"hidden\" name=\"form_id\" value=\"238cb3e\">\n\t\t\t<input type=\"hidden\" name=\"referer_title\" value=\"Contacto - ILV Fernerkundung GmbH\">\n\n\t\t\t\t\t\t\t<input type=\"hidden\" name=\"queried_id\" value=\"2514\">\n\t\t\t\n\t\t\t<div class=\"elementor-form-fields-wrapper elementor-labels-\">\n\t\t\t\t\t\t\t\t<div class=\"elementor-field-type-text elementor-field-group elementor-column elementor-field-group-name elementor-col-100\">\n\t\t\t\t\t\t\t\t\t\t\t\t<label for=\"form-field-name\" class=\"elementor-field-label elementor-screen-only\">\n\t\t\t\t\t\t\t\tNome\t\t\t\t\t\t\t<\/label>\n\t\t\t\t\t\t\t\t\t\t\t\t\t\t<input size=\"1\" type=\"text\" name=\"form_fields[name]\" id=\"form-field-name\" class=\"elementor-field elementor-size-sm  elementor-field-textual\" placeholder=\"Nome\">\n\t\t\t\t\t\t\t\t\t\t\t<\/div>\n\t\t\t\t\t\t\t\t<div class=\"elementor-field-type-email elementor-field-group elementor-column elementor-field-group-email elementor-col-100 elementor-field-required\">\n\t\t\t\t\t\t\t\t\t\t\t\t<label for=\"form-field-email\" class=\"elementor-field-label elementor-screen-only\">\n\t\t\t\t\t\t\t\tEmail\t\t\t\t\t\t\t<\/label>\n\t\t\t\t\t\t\t\t\t\t\t\t\t\t<input size=\"1\" type=\"email\" name=\"form_fields[email]\" id=\"form-field-email\" class=\"elementor-field elementor-size-sm  elementor-field-textual\" placeholder=\"E-mail\" required=\"required\">\n\t\t\t\t\t\t\t\t\t\t\t<\/div>\n\t\t\t\t\t\t\t\t<div class=\"elementor-field-type-textarea elementor-field-group elementor-column elementor-field-group-message elementor-col-100\">\n\t\t\t\t\t\t\t\t\t\t\t\t<label for=\"form-field-message\" class=\"elementor-field-label elementor-screen-only\">\n\t\t\t\t\t\t\t\tMen\u00adsa\u00adgem\t\t\t\t\t\t\t<\/label>\n\t\t\t\t\t\t<textarea class=\"elementor-field-textual elementor-field  elementor-size-sm\" name=\"form_fields[message]\" id=\"form-field-message\" rows=\"6\" placeholder=\"Mensagem\"><\/textarea>\t\t\t\t<\/div>\n\t\t\t\t\t\t\t\t<div class=\"elementor-field-type-acceptance elementor-field-group elementor-column elementor-field-group-field_2 elementor-col-100 elementor-field-required\">\n\t\t\t\t\t\t\t\t\t\t\t\t<label for=\"form-field-field_2\" class=\"elementor-field-label elementor-screen-only\">\n\t\t\t\t\t\t\t\tPri\u00advacy Policy\t\t\t\t\t\t\t<\/label>\n\t\t\t\t\t\t\t\t<div class=\"elementor-field-subgroup\">\n\t\t\t<span class=\"elementor-field-option\">\n\t\t\t\t<input type=\"checkbox\" name=\"form_fields[field_2]\" id=\"form-field-field_2\" class=\"elementor-field elementor-size-sm  elementor-acceptance-field\" required=\"required\">\n\t\t\t\t<label for=\"form-field-field_2\">O cli\u00aden\u00adte con\u00adfir\u00adma que est\u00e1 de acor\u00addo com a uti\u00adli\u00adza\u00ad\u00e7\u00e3o dos seus dados, no \u00e2mbi\u00adto do pro\u00adces\u00adsa\u00admen\u00adto do seu pedi\u00addo. Para mais infor\u00adma\u00ad\u00e7\u00f5es e ins\u00adtru\u00ad\u00e7\u00f5es sobre a revo\u00adga\u00ad\u00e7\u00e3o da auto\u00adri\u00adza\u00ad\u00e7\u00e3o, con\u00adsul\u00adte a decla\u00adra\u00ad\u00e7\u00e3o de <a href=\"\/pt-pt\/politica-de-privacidade\/\">pro\u00adtec\u00ad\u00e7\u00e3o de dados<\/a>. Uma c\u00f3pia da sua men\u00adsa\u00adgem foi envi\u00ada\u00adda para o seu ende\u00adre\u00ad\u00e7o elec\u00adtr\u00f3\u00adni\u00adco.<\/label>\t\t\t<\/span>\n\t\t<\/div>\n\t\t\t\t\t\t<\/div>\n\t\t\t\t\t\t\t\t<div class=\"elementor-field-type-recaptcha_v3 elementor-field-group elementor-column elementor-field-group-field_1 elementor-col-100 recaptcha_v3-bottomright\">\n\t\t\t\t\t<div class=\"elementor-field\" id=\"form-field-field_1\"><div class=\"elementor-g-recaptcha\" data-sitekey=\"6LcgArgUAAAAABRLPtUS1FMOmixtMrtq7RJ4mvu1\" data-type=\"v3\" data-action=\"Form\" data-badge=\"bottomright\" data-size=\"invisible\"><\/div><\/div>\t\t\t\t<\/div>\n\t\t\t\t\t\t\t\t<div class=\"elementor-field-group elementor-column elementor-field-type-submit elementor-col-20 e-form__buttons\">\n\t\t\t\t\t<button class=\"elementor-button elementor-size-sm\" type=\"submit\">\n\t\t\t\t\t\t<span class=\"elementor-button-content-wrapper\">\n\t\t\t\t\t\t\t\t\t\t\t\t\t\t\t\t\t\t\t\t\t\t<span class=\"elementor-button-text\">Enviar<\/span>\n\t\t\t\t\t\t\t\t\t\t\t\t\t<\/span>\n\t\t\t\t\t<\/button>\n\t\t\t\t<\/div>\n\t\t\t<\/div>\n\t\t<\/form>\n\t\t\t\t\t\t<\/div>\n\t\t\t\t<\/div>\n\t\t\t\t\t<\/div>\n\t\t\t\t<\/div>\n\t\t<div class=\"elementor-element elementor-element-abbf990 e-flex e-con-boxed elementor-invisible e-con e-parent\" data-id=\"abbf990\" data-element_type=\"container\" data-e-type=\"container\" data-settings=\"{&quot;animation&quot;:&quot;fadeInUp&quot;}\">\n\t\t\t\t\t<div class=\"e-con-inner\">\n\t\t<div class=\"elementor-element elementor-element-76efd01 e-con-full e-flex e-con e-child\" data-id=\"76efd01\" data-element_type=\"container\" data-e-type=\"container\">\n\t\t\t\t<div class=\"elementor-element elementor-element-708e044 elementor-widget elementor-widget-html\" data-id=\"708e044\" data-element_type=\"widget\" data-e-type=\"widget\" data-widget_type=\"html.default\">\n\t\t\t\t\t <div class=\"brlbs-cmpnt-container brlbs-cmpnt-content-blocker brlbs-cmpnt-with-individual-styles\" data-borlabs-cookie-content-blocker-id=\"mapbox\" data-borlabs-cookie-content=\"PHNjcmlwdCBzcmM9Imh0dHBzOi8vYXBpLm1hcGJveC5jb20vbWFwYm94LWdsLWpzL3YxLjEwLjEvbWFwYm94LWdsLmpzIj48L3NjcmlwdD4KPGxpbmsgaHJlZj0iaHR0cHM6Ly9hcGkubWFwYm94LmNvbS9tYXBib3gtZ2wtanMvdjEuMTAuMS9tYXBib3gtZ2wuY3NzIiByZWw9InN0eWxlc2hlZXQiIC8+Cgo8c3R5bGU+Cglib2R5IHsgbWFyZ2luOiAwOyBwYWRkaW5nOiAwOyB9CgkjbWFwMSB7IHBvc2l0aW9uOiBhYnNvbHV0ZTsgdG9wOiAwOyBib3R0b206IDA7IHdpZHRoOiAxMDAlOyB9Cjwvc3R5bGU+Cg==\"><div class=\"brlbs-cmpnt-cb-preset-b\"> <div class=\"brlbs-cmpnt-cb-thumbnail\" style=\"background-image: url('https:\/\/ilv-fernerkundung.de\/wp-content\/uploads\/borlabs-cookie\/1\/brlbs-cb-google-maps-main.png')\"><\/div> <div class=\"brlbs-cmpnt-cb-main\"> <div class=\"brlbs-cmpnt-cb-content\"> <p class=\"brlbs-cmpnt-cb-description\">You are cur\u00adren\u00adtly viewing a pla\u00adcehol\u00adder con\u00adtent from <strong>Map\u00adbox<\/strong>. To access the actu\u00adal con\u00adtent, click the but\u00adton below. Ple\u00ada\u00adse note that doing so will sha\u00adre data with third-party pro\u00advi\u00adders.<\/p> <a class=\"brlbs-cmpnt-cb-provider-toggle\" href=\"#\" data-borlabs-cookie-show-provider-information role=\"button\">More Infor\u00adma\u00adti\u00adon<\/a> <\/div> <div class=\"brlbs-cmpnt-cb-buttons\"> <a class=\"brlbs-cmpnt-cb-btn\" href=\"#\" data-borlabs-cookie-accept-service role=\"button\" style=\"display: inherit\">Accept requi\u00adred ser\u00advi\u00adce and unblock con\u00adtent<\/a> <\/div> <\/div> <\/div><\/div>\n\n<div id=\"map1\"><\/div>\n \n<script>\n\tmapboxgl.accessToken = 'pk.eyJ1IjoiYWdyZWVtZW50IiwiYSI6ImNrYXJ2NHZrbzA1OWsyemwyZjI4NHlkYjYifQ.G5SvNE0U-r1e9b03PMBNFQ';\nvar map1 = new mapboxgl.Map({\ncontainer: 'map1',\nstyle: 'mapbox:\/\/styles\/mapbox\/streets-v11',\ncenter: [13.40611, 52.51115],\nzoom: 13\n});\n \nvar marker = new mapboxgl.Marker()\n.setLngLat([13.40611, 52.51115])\n.addTo(map1);\nmap1.addControl(new mapboxgl.NavigationControl());\n\n<\/script>\t\t\t\t<\/div>\n\t\t\t\t<div class=\"elementor-element elementor-element-c1002d6 elementor-widget elementor-widget-heading\" data-id=\"c1002d6\" data-element_type=\"widget\" data-e-type=\"widget\" data-widget_type=\"heading.default\">\n\t\t\t\t\t<h3 class=\"elementor-heading-title elementor-size-default\">Berlim<\/h3>\t\t\t\t<\/div>\n\t\t\t\t<div class=\"elementor-element elementor-element-bb53eeb elementor-icon-list--layout-traditional elementor-list-item-link-full_width elementor-widget elementor-widget-icon-list\" data-id=\"bb53eeb\" data-element_type=\"widget\" data-e-type=\"widget\" data-widget_type=\"icon-list.default\">\n\t\t\t\t\t\t\t<ul class=\"elementor-icon-list-items\">\n\t\t\t\t\t\t\t<li class=\"elementor-icon-list-item\">\n\t\t\t\t\t\t\t\t\t\t\t<a href=\"\/wp-content\/uploads\/2020\/08\/Anfahrt_ILV_Bln_oeffentlich.jpg\">\n\n\t\t\t\t\t\t\t\t\t\t\t\t<span class=\"elementor-icon-list-icon\">\n\t\t\t\t\t\t\t<svg aria-hidden=\"true\" class=\"e-font-icon-svg e-fas-map-marker-alt\" viewBox=\"0 0 384 512\"><path d=\"M172.268 501.67C26.97 291.031 0 269.413 0 192 0 85.961 85.961 0 192 0s192 85.961 192 192c0 77.413-26.97 99.031-172.268 309.67-9.535 13.774-29.93 13.773-39.464 0zM192 272c44.183 0 80-35.817 80-80s-35.817-80-80-80-80 35.817-80 80 35.817 80 80 80z\" \/><\/svg>\t\t\t\t\t\t<\/span>\n\t\t\t\t\t\t\t\t\t\t<span class=\"elementor-icon-list-text\">Bai\u00adxar esbo\u00ad\u00e7o de direc\u00ad\u00e7\u00f5es<\/span>\n\t\t\t\t\t\t\t\t\t\t\t<\/a>\n\t\t\t\t\t\t\t\t\t<\/li>\n\t\t\t\t\t\t<\/ul>\n\t\t\t\t\t\t<\/div>\n\t\t\t\t<div class=\"elementor-element elementor-element-92acefc elementor-widget elementor-widget-text-editor\" data-id=\"92acefc\" data-element_type=\"widget\" data-e-type=\"widget\" data-widget_type=\"text-editor.default\">\n\t\t\t\t\t\t\t\t\t<p><strong>ILV-Fer\u00adner\u00adkun\u00addung GmbH<\/strong><br>Escri\u00adt\u00f3\u00adrio de Ber\u00adlin Mit\u00adte<br>Walls\u00adtra\u00dfe 15\/15a<br>10179 Ber\u00adlin<br>Deuts\u00adch\u00adland<br><span lang=\"EN-US\">Tele\u00adfo\u00adne:&nbsp;<\/span>+49 30 2404850<\/p>\t\t\t\t\t\t\t\t<\/div>\n\t\t\t\t<\/div>\n\t\t<div class=\"elementor-element elementor-element-405e2a0 e-con-full e-flex e-con e-child\" data-id=\"405e2a0\" data-element_type=\"container\" data-e-type=\"container\">\n\t\t\t\t<div class=\"elementor-element elementor-element-7fe03aa elementor-widget elementor-widget-html\" data-id=\"7fe03aa\" data-element_type=\"widget\" data-e-type=\"widget\" data-widget_type=\"html.default\">\n\t\t\t\t\t<style>\n\tbody { margin: 0; padding: 0; }\n\t#map2 { position: absolute; top: 0; bottom: 0; width: 100%; }\n<\/style>\n\n<div id=\"map2\"><\/div>\n \n<script>\n\tmapboxgl.accessToken = 'pk.eyJ1IjoiYWdyZWVtZW50IiwiYSI6ImNrYXJ2NHZrbzA1OWsyemwyZjI4NHlkYjYifQ.G5SvNE0U-r1e9b03PMBNFQ';\nvar map2 = new mapboxgl.Map({\ncontainer: 'map2',\nstyle: 'mapbox:\/\/styles\/mapbox\/streets-v11',\ncenter: [12.3014, 51.1545],\nzoom: 13\n});\n \nvar marker = new mapboxgl.Marker()\n.setLngLat([12.3014, 51.1545])\n.addTo(map2);\nmap2.addControl(new mapboxgl.NavigationControl());\n<\/script>\t\t\t\t<\/div>\n\t\t\t\t<div class=\"elementor-element elementor-element-71def39 elementor-widget elementor-widget-heading\" data-id=\"71def39\" data-element_type=\"widget\" data-e-type=\"widget\" data-widget_type=\"heading.default\">\n\t\t\t\t\t<h3 class=\"elementor-heading-title elementor-size-default\">Groitzsch (Pr\u00f3ximo de Leipzig)<\/h3>\t\t\t\t<\/div>\n\t\t\t\t<div class=\"elementor-element elementor-element-58011ec elementor-icon-list--layout-traditional elementor-list-item-link-full_width elementor-widget elementor-widget-icon-list\" data-id=\"58011ec\" data-element_type=\"widget\" data-e-type=\"widget\" data-widget_type=\"icon-list.default\">\n\t\t\t\t\t\t\t<ul class=\"elementor-icon-list-items\">\n\t\t\t\t\t\t\t<li class=\"elementor-icon-list-item\">\n\t\t\t\t\t\t\t\t\t\t\t<a href=\"\/wp-content\/uploads\/2020\/08\/Anfahrt_ILV_Groitzsch_.jpg\">\n\n\t\t\t\t\t\t\t\t\t\t\t\t<span class=\"elementor-icon-list-icon\">\n\t\t\t\t\t\t\t<svg aria-hidden=\"true\" class=\"e-font-icon-svg e-fas-map-marker-alt\" viewBox=\"0 0 384 512\"><path d=\"M172.268 501.67C26.97 291.031 0 269.413 0 192 0 85.961 85.961 0 192 0s192 85.961 192 192c0 77.413-26.97 99.031-172.268 309.67-9.535 13.774-29.93 13.773-39.464 0zM192 272c44.183 0 80-35.817 80-80s-35.817-80-80-80-80 35.817-80 80 35.817 80 80 80z\" \/><\/svg>\t\t\t\t\t\t<\/span>\n\t\t\t\t\t\t\t\t\t\t<span class=\"elementor-icon-list-text\">Bai\u00adxar esbo\u00ad\u00e7o de direc\u00ad\u00e7\u00f5es<\/span>\n\t\t\t\t\t\t\t\t\t\t\t<\/a>\n\t\t\t\t\t\t\t\t\t<\/li>\n\t\t\t\t\t\t<\/ul>\n\t\t\t\t\t\t<\/div>\n\t\t\t\t<div class=\"elementor-element elementor-element-342f83e elementor-widget elementor-widget-text-editor\" data-id=\"342f83e\" data-element_type=\"widget\" data-e-type=\"widget\" data-widget_type=\"text-editor.default\">\n\t\t\t\t\t\t\t\t\t<p><strong>ILV-Fer\u00adner\u00adkun\u00addung GmbH<\/strong><br>Escri\u00adt\u00f3\u00adrio Groitzs\u00adch (per\u00adto de Leip\u00adzig)<br>Lei\u00adpe\u00adner Stra\u00dfe 7 <br>04539 Groitzs\u00adch<br>Deuts\u00adch\u00adland<br><span lang=\"EN-US\">Tele\u00adfo\u00adne: <\/span>+49 34296 9560<\/p>\t\t\t\t\t\t\t\t<\/div>\n\t\t\t\t<\/div>\n\t\t\t\t\t<\/div>\n\t\t\t\t<\/div>\n\t\t\t\t<\/div>\n\t\t","protected":false},"excerpt":{"rendered":"<p>Se esti\u00adver inte\u00adres\u00adsa\u00addo nos nos\u00adsos ser\u00advi\u00ad\u00e7os, con\u00ad\u00adtac\u00ad\u00adte-nos. Aguar\u00adda\u00admos a sua men\u00adsa\u00adgem ou cha\u00adma\u00adda com todo o pra\u00adzer! Ber\u00adlim Bai\u00adxar esbo\u00ad\u00e7o de direc\u00ad\u00e7\u00f5es ILV-Fer\u00ad\u00adner\u00ad\u00adkun\u00ad\u00addung GmbHEscri\u00adt\u00f3\u00adrio de Ber\u00adlin Mit\u00adteWalls\u00adtra\u00dfe 15\/15a10179 Ber\u00adlinDeuts\u00adch\u00adlandTele\u00adfo\u00adne:&nbsp;+49 30 2404850 Groitzs\u00adch (Pr\u00f3\u00adxi\u00admo de Leip\u00adzig) Bai\u00adxar esbo\u00ad\u00e7o de direc\u00ad\u00e7\u00f5es ILV-Fer\u00ad\u00adner\u00ad\u00adkun\u00ad\u00addung GmbHEscri\u00adt\u00f3\u00adrio Groitzs\u00adch (per\u00adto de Leip\u00adzig)Lei\u00adpe\u00adner Stra\u00dfe 7 04539 Groitzs\u00adchDeuts\u00adch\u00adlandTele\u00adfo\u00adne: +49 34296 9560<\/p>\n","protected":false},"author":1,"featured_media":2380,"parent":0,"menu_order":5,"comment_status":"closed","ping_status":"closed","template":"","meta":{"wp_typography_post_enhancements_disabled":false,"footnotes":""},"class_list":["post-2514","page","type-page","status-publish","has-post-thumbnail","hentry","entry"],"_links":{"self":[{"href":"https:\/\/ilv-fernerkundung.de\/pt-pt\/wp-json\/wp\/v2\/pages\/2514","targetHints":{"allow":["GET"]}}],"collection":[{"href":"https:\/\/ilv-fernerkundung.de\/pt-pt\/wp-json\/wp\/v2\/pages"}],"about":[{"href":"https:\/\/ilv-fernerkundung.de\/pt-pt\/wp-json\/wp\/v2\/types\/page"}],"author":[{"embeddable":true,"href":"https:\/\/ilv-fernerkundung.de\/pt-pt\/wp-json\/wp\/v2\/users\/1"}],"replies":[{"embeddable":true,"href":"https:\/\/ilv-fernerkundung.de\/pt-pt\/wp-json\/wp\/v2\/comments?post=2514"}],"version-history":[{"count":28,"href":"https:\/\/ilv-fernerkundung.de\/pt-pt\/wp-json\/wp\/v2\/pages\/2514\/revisions"}],"predecessor-version":[{"id":6434,"href":"https:\/\/ilv-fernerkundung.de\/pt-pt\/wp-json\/wp\/v2\/pages\/2514\/revisions\/6434"}],"wp:featuredmedia":[{"embeddable":true,"href":"https:\/\/ilv-fernerkundung.de\/pt-pt\/wp-json\/wp\/v2\/media\/2380"}],"wp:attachment":[{"href":"https:\/\/ilv-fernerkundung.de\/pt-pt\/wp-json\/wp\/v2\/media?parent=2514"}],"curies":[{"name":"wp","href":"https:\/\/api.w.org\/{rel}","templated":true}]}}