{"id":3733,"date":"2021-07-20T09:06:43","date_gmt":"2021-07-20T07:06:43","guid":{"rendered":"https:\/\/ilv-fernerkundung.de\/?page_id=3733"},"modified":"2025-01-07T10:35:50","modified_gmt":"2025-01-07T09:35:50","slug":"contact","status":"publish","type":"page","link":"https:\/\/ilv-fernerkundung.de\/fr\/contact\/","title":{"rendered":"Contact"},"content":{"rendered":"\t\t<div data-elementor-type=\"wp-page\" data-elementor-id=\"3733\" class=\"elementor elementor-3733 elementor-35\" data-elementor-settings=\"{&quot;element_pack_global_tooltip_width&quot;:{&quot;unit&quot;:&quot;px&quot;,&quot;size&quot;:&quot;&quot;,&quot;sizes&quot;:[]},&quot;element_pack_global_tooltip_width_tablet&quot;:{&quot;unit&quot;:&quot;px&quot;,&quot;size&quot;:&quot;&quot;,&quot;sizes&quot;:[]},&quot;element_pack_global_tooltip_width_mobile&quot;:{&quot;unit&quot;:&quot;px&quot;,&quot;size&quot;:&quot;&quot;,&quot;sizes&quot;:[]},&quot;element_pack_global_tooltip_padding&quot;:{&quot;unit&quot;:&quot;px&quot;,&quot;top&quot;:&quot;&quot;,&quot;right&quot;:&quot;&quot;,&quot;bottom&quot;:&quot;&quot;,&quot;left&quot;:&quot;&quot;,&quot;isLinked&quot;:true},&quot;element_pack_global_tooltip_padding_tablet&quot;:{&quot;unit&quot;:&quot;px&quot;,&quot;top&quot;:&quot;&quot;,&quot;right&quot;:&quot;&quot;,&quot;bottom&quot;:&quot;&quot;,&quot;left&quot;:&quot;&quot;,&quot;isLinked&quot;:true},&quot;element_pack_global_tooltip_padding_mobile&quot;:{&quot;unit&quot;:&quot;px&quot;,&quot;top&quot;:&quot;&quot;,&quot;right&quot;:&quot;&quot;,&quot;bottom&quot;:&quot;&quot;,&quot;left&quot;:&quot;&quot;,&quot;isLinked&quot;:true},&quot;element_pack_global_tooltip_border_radius&quot;:{&quot;unit&quot;:&quot;px&quot;,&quot;top&quot;:&quot;&quot;,&quot;right&quot;:&quot;&quot;,&quot;bottom&quot;:&quot;&quot;,&quot;left&quot;:&quot;&quot;,&quot;isLinked&quot;:true},&quot;element_pack_global_tooltip_border_radius_tablet&quot;:{&quot;unit&quot;:&quot;px&quot;,&quot;top&quot;:&quot;&quot;,&quot;right&quot;:&quot;&quot;,&quot;bottom&quot;:&quot;&quot;,&quot;left&quot;:&quot;&quot;,&quot;isLinked&quot;:true},&quot;element_pack_global_tooltip_border_radius_mobile&quot;:{&quot;unit&quot;:&quot;px&quot;,&quot;top&quot;:&quot;&quot;,&quot;right&quot;:&quot;&quot;,&quot;bottom&quot;:&quot;&quot;,&quot;left&quot;:&quot;&quot;,&quot;isLinked&quot;:true}}\" data-elementor-post-type=\"page\">\n\t\t\t\t<div class=\"elementor-element elementor-element-1f4419f e-flex e-con-boxed e-con e-parent\" data-id=\"1f4419f\" data-element_type=\"container\" data-e-type=\"container\">\n\t\t\t\t\t<div class=\"e-con-inner\">\n\t\t<div class=\"elementor-element elementor-element-057b75e e-con-full e-flex e-con e-child\" data-id=\"057b75e\" data-element_type=\"container\" data-e-type=\"container\">\n\t\t\t\t<div class=\"elementor-element elementor-element-ef1755b elementor-invisible elementor-widget elementor-widget-text-editor\" data-id=\"ef1755b\" data-element_type=\"widget\" data-e-type=\"widget\" data-settings=\"{&quot;_animation&quot;:&quot;fadeInUp&quot;}\" data-widget_type=\"text-editor.default\">\n\t\t\t\t\t\t\t\t\t<p><strong>Si vous \u00eates int\u00e9\u00adres\u00ads\u00e9s par nos ser\u00advices, nous atten\u00addons votre mes\u00adsage ou votre appel&nbsp;!<\/strong><\/p>\t\t\t\t\t\t\t\t<\/div>\n\t\t\t\t<div class=\"elementor-element elementor-element-d5e5bd1 elementor-button-align-stretch elementor-invisible elementor-widget elementor-widget-form\" data-id=\"d5e5bd1\" data-element_type=\"widget\" data-e-type=\"widget\" data-settings=\"{&quot;button_width&quot;:&quot;20&quot;,&quot;step_next_label&quot;:&quot;N\\u00e4chster&quot;,&quot;step_previous_label&quot;:&quot;Voriger&quot;,&quot;_animation&quot;:&quot;fadeInUp&quot;,&quot;step_type&quot;:&quot;number_text&quot;,&quot;step_icon_shape&quot;:&quot;circle&quot;}\" data-widget_type=\"form.default\">\n\t\t\t\t\t\t\t<form class=\"elementor-form\" method=\"post\" name=\"Kontaktformular\" aria-label=\"Kontaktformular\">\n\t\t\t<input type=\"hidden\" name=\"post_id\" value=\"3733\">\n\t\t\t<input type=\"hidden\" name=\"form_id\" value=\"d5e5bd1\">\n\t\t\t<input type=\"hidden\" name=\"referer_title\" value>\n\n\t\t\t\n\t\t\t<div class=\"elementor-form-fields-wrapper elementor-labels-\">\n\t\t\t\t\t\t\t\t<div class=\"elementor-field-type-text elementor-field-group elementor-column elementor-field-group-name elementor-col-100\">\n\t\t\t\t\t\t\t\t\t\t\t\t<label for=\"form-field-name\" class=\"elementor-field-label elementor-screen-only\">\n\t\t\t\t\t\t\t\tNom\t\t\t\t\t\t\t<\/label>\n\t\t\t\t\t\t\t\t\t\t\t\t\t\t<input size=\"1\" type=\"text\" name=\"form_fields[name]\" id=\"form-field-name\" class=\"elementor-field elementor-size-sm  elementor-field-textual\" placeholder=\"Nom\">\n\t\t\t\t\t\t\t\t\t\t\t<\/div>\n\t\t\t\t\t\t\t\t<div class=\"elementor-field-type-email elementor-field-group elementor-column elementor-field-group-email elementor-col-100 elementor-field-required\">\n\t\t\t\t\t\t\t\t\t\t\t\t<label for=\"form-field-email\" class=\"elementor-field-label elementor-screen-only\">\n\t\t\t\t\t\t\t\tCour\u00adriel\t\t\t\t\t\t\t<\/label>\n\t\t\t\t\t\t\t\t\t\t\t\t\t\t<input size=\"1\" type=\"email\" name=\"form_fields[email]\" id=\"form-field-email\" class=\"elementor-field elementor-size-sm  elementor-field-textual\" placeholder=\"Courriel\" required=\"required\">\n\t\t\t\t\t\t\t\t\t\t\t<\/div>\n\t\t\t\t\t\t\t\t<div class=\"elementor-field-type-textarea elementor-field-group elementor-column elementor-field-group-message elementor-col-100\">\n\t\t\t\t\t\t\t\t\t\t\t\t<label for=\"form-field-message\" class=\"elementor-field-label elementor-screen-only\">\n\t\t\t\t\t\t\t\tMes\u00adsage\t\t\t\t\t\t\t<\/label>\n\t\t\t\t\t\t<textarea class=\"elementor-field-textual elementor-field  elementor-size-sm\" name=\"form_fields[message]\" id=\"form-field-message\" rows=\"6\" placeholder=\"Message\"><\/textarea>\t\t\t\t<\/div>\n\t\t\t\t\t\t\t\t<div class=\"elementor-field-type-acceptance elementor-field-group elementor-column elementor-field-group-field_2 elementor-col-100 elementor-field-required\">\n\t\t\t\t\t\t\t\t\t\t\t\t<label for=\"form-field-field_2\" class=\"elementor-field-label elementor-screen-only\">\n\t\t\t\t\t\t\t\tDaten\u00adschutz\t\t\t\t\t\t\t<\/label>\n\t\t\t\t\t\t\t\t<div class=\"elementor-field-subgroup\">\n\t\t\t<span class=\"elementor-field-option\">\n\t\t\t\t<input type=\"checkbox\" name=\"form_fields[field_2]\" id=\"form-field-field_2\" class=\"elementor-field elementor-size-sm  elementor-acceptance-field\" required=\"required\">\n\t\t\t\t<label for=\"form-field-field_2\">Vous accep\u00adtez que vos don\u00adn\u00e9es soient uti\u00adli\u00ads\u00e9es pour trai\u00adter votre mes\u00adsage. De plus amples in-for\u00adma\u00adtions et des ins\u00adtruc\u00adtions de r\u00e9vo\u00adca\u00adtion peuvent \u00eatre trou\u00adv\u00e9es dans notre d\u00e9cla\u00adra\u00adtion de <a href=\"\/datenschutzerklaerung\">poli-tique de confi\u00adden\u00adtia\u00adli\u00adt\u00e9<\/a>. Une copie de votre mes\u00adsage sera envoy\u00e9e \u00e0 votre adresse \u00e9lec\u00adtro\u00adnique.<\/label>\t\t\t<\/span>\n\t\t<\/div>\n\t\t\t\t\t\t<\/div>\n\t\t\t\t\t\t\t\t<div class=\"elementor-field-type-recaptcha_v3 elementor-field-group elementor-column elementor-field-group-field_1 elementor-col-100 recaptcha_v3-bottomright\">\n\t\t\t\t\t<div class=\"elementor-field\" id=\"form-field-field_1\"><div class=\"elementor-g-recaptcha\" data-sitekey=\"6LcgArgUAAAAABRLPtUS1FMOmixtMrtq7RJ4mvu1\" data-type=\"v3\" data-action=\"Form\" data-badge=\"bottomright\" data-size=\"invisible\"><\/div><\/div>\t\t\t\t<\/div>\n\t\t\t\t\t\t\t\t<div class=\"elementor-field-group elementor-column elementor-field-type-submit elementor-col-20 e-form__buttons\">\n\t\t\t\t\t<button class=\"elementor-button elementor-size-sm\" type=\"submit\">\n\t\t\t\t\t\t<span class=\"elementor-button-content-wrapper\">\n\t\t\t\t\t\t\t\t\t\t\t\t\t\t\t\t\t\t\t\t\t\t<span class=\"elementor-button-text\">Envoyer<\/span>\n\t\t\t\t\t\t\t\t\t\t\t\t\t<\/span>\n\t\t\t\t\t<\/button>\n\t\t\t\t<\/div>\n\t\t\t<\/div>\n\t\t<\/form>\n\t\t\t\t\t\t<\/div>\n\t\t\t\t<\/div>\n\t\t\t\t\t<\/div>\n\t\t\t\t<\/div>\n\t\t<div class=\"elementor-element elementor-element-dc1e2e1 e-flex e-con-boxed elementor-invisible e-con e-parent\" data-id=\"dc1e2e1\" data-element_type=\"container\" data-e-type=\"container\" data-settings=\"{&quot;animation&quot;:&quot;fadeInUp&quot;}\">\n\t\t\t\t\t<div class=\"e-con-inner\">\n\t\t<div class=\"elementor-element elementor-element-b493555 e-con-full e-flex e-con e-child\" data-id=\"b493555\" data-element_type=\"container\" data-e-type=\"container\">\n\t\t\t\t<div class=\"elementor-element elementor-element-ffab2b1 elementor-widget elementor-widget-html\" data-id=\"ffab2b1\" data-element_type=\"widget\" data-e-type=\"widget\" data-widget_type=\"html.default\">\n\t\t\t\t\t <div class=\"brlbs-cmpnt-container brlbs-cmpnt-content-blocker brlbs-cmpnt-with-individual-styles\" data-borlabs-cookie-content-blocker-id=\"mapbox\" data-borlabs-cookie-content=\"PHNjcmlwdCBzcmM9Imh0dHBzOi8vYXBpLm1hcGJveC5jb20vbWFwYm94LWdsLWpzL3YxLjEwLjEvbWFwYm94LWdsLmpzIj48L3NjcmlwdD4KPGxpbmsgaHJlZj0iaHR0cHM6Ly9hcGkubWFwYm94LmNvbS9tYXBib3gtZ2wtanMvdjEuMTAuMS9tYXBib3gtZ2wuY3NzIiByZWw9InN0eWxlc2hlZXQiIC8+Cgo8c3R5bGU+Cglib2R5IHsgbWFyZ2luOiAwOyBwYWRkaW5nOiAwOyB9CgkjbWFwMSB7IHBvc2l0aW9uOiBhYnNvbHV0ZTsgdG9wOiAwOyBib3R0b206IDA7IHdpZHRoOiAxMDAlOyB9Cjwvc3R5bGU+Cg==\"><div class=\"brlbs-cmpnt-cb-preset-b\"> <div class=\"brlbs-cmpnt-cb-thumbnail\" style=\"background-image: url('https:\/\/ilv-fernerkundung.de\/wp-content\/uploads\/borlabs-cookie\/1\/brlbs-cb-google-maps-main.png')\"><\/div> <div class=\"brlbs-cmpnt-cb-main\"> <div class=\"brlbs-cmpnt-cb-content\"> <p class=\"brlbs-cmpnt-cb-description\">Vous \u00eates actuel\u00adle\u00adment en train de consul\u00adter le conte\u00adnu d\u2019un espace r\u00e9ser\u00adv\u00e9 de <strong>Map\u00adbox<\/strong>. Pour acc\u00e9\u00adder au conte\u00adnu r\u00e9el, cli\u00adquez sur le bou\u00adton ci-des\u00adsous. Veuillez noter que ce fai\u00adsant, des don\u00adn\u00e9es seront par\u00adta\u00adg\u00e9es avec des pro\u00advi\u00adders tiers.<\/p> <a class=\"brlbs-cmpnt-cb-provider-toggle\" href=\"#\" data-borlabs-cookie-show-provider-information role=\"button\">Plus d\u2019in\u00adfor\u00adma\u00adtions<\/a> <\/div> <div class=\"brlbs-cmpnt-cb-buttons\"> <a class=\"brlbs-cmpnt-cb-btn\" href=\"#\" data-borlabs-cookie-accept-service role=\"button\" style=\"display: inherit\">Accep\u00adter le ser\u00advice requis et d\u00e9blo\u00adquer les conte\u00adnus<\/a> <\/div> <\/div> <\/div><\/div>\n\n<div id=\"map1\"><\/div>\n \n<script>\n\tmapboxgl.accessToken = 'pk.eyJ1IjoiYWdyZWVtZW50IiwiYSI6ImNrYXJ2NHZrbzA1OWsyemwyZjI4NHlkYjYifQ.G5SvNE0U-r1e9b03PMBNFQ';\nvar map1 = new mapboxgl.Map({\ncontainer: 'map1',\nstyle: 'mapbox:\/\/styles\/mapbox\/streets-v11',\ncenter: [13.40611, 52.51115],\nzoom: 13\n});\n \nvar marker = new mapboxgl.Marker()\n.setLngLat([13.40611, 52.51115])\n.addTo(map1);\nmap1.addControl(new mapboxgl.NavigationControl());\n\n<\/script>\t\t\t\t<\/div>\n\t\t\t\t<div class=\"elementor-element elementor-element-7014216 elementor-widget elementor-widget-heading\" data-id=\"7014216\" data-element_type=\"widget\" data-e-type=\"widget\" data-widget_type=\"heading.default\">\n\t\t\t\t\t<h3 class=\"elementor-heading-title elementor-size-default\">Site de Berlin<\/h3>\t\t\t\t<\/div>\n\t\t\t\t<div class=\"elementor-element elementor-element-cbd5443 elementor-icon-list--layout-traditional elementor-list-item-link-full_width elementor-widget elementor-widget-icon-list\" data-id=\"cbd5443\" data-element_type=\"widget\" data-e-type=\"widget\" data-widget_type=\"icon-list.default\">\n\t\t\t\t\t\t\t<ul class=\"elementor-icon-list-items\">\n\t\t\t\t\t\t\t<li class=\"elementor-icon-list-item\">\n\t\t\t\t\t\t\t\t\t\t\t<a href=\"\/wp-content\/uploads\/2020\/08\/Anfahrt_ILV_Bln_oeffentlich.jpg\">\n\n\t\t\t\t\t\t\t\t\t\t\t\t<span class=\"elementor-icon-list-icon\">\n\t\t\t\t\t\t\t<svg aria-hidden=\"true\" class=\"e-font-icon-svg e-fas-map-marker-alt\" viewBox=\"0 0 384 512\"><path d=\"M172.268 501.67C26.97 291.031 0 269.413 0 192 0 85.961 85.961 0 192 0s192 85.961 192 192c0 77.413-26.97 99.031-172.268 309.67-9.535 13.774-29.93 13.773-39.464 0zM192 272c44.183 0 80-35.817 80-80s-35.817-80-80-80-80 35.817-80 80 35.817 80 80 80z\" \/><\/svg>\t\t\t\t\t\t<\/span>\n\t\t\t\t\t\t\t\t\t\t<span class=\"elementor-icon-list-text\">Ins\u00adtruc\u00adtions de t\u00e9l\u00e9\u00adchar\u00adge\u00adment concer\u00adnant l\u2019acc\u00e8s au site (iti\u00adn\u00e9\u00adraire)<\/span>\n\t\t\t\t\t\t\t\t\t\t\t<\/a>\n\t\t\t\t\t\t\t\t\t<\/li>\n\t\t\t\t\t\t<\/ul>\n\t\t\t\t\t\t<\/div>\n\t\t\t\t<div class=\"elementor-element elementor-element-c7de0c2 elementor-widget elementor-widget-text-editor\" data-id=\"c7de0c2\" data-element_type=\"widget\" data-e-type=\"widget\" data-widget_type=\"text-editor.default\">\n\t\t\t\t\t\t\t\t\t<p><strong>ILV Fer\u00adner\u00adkun\u00addung GmbH<\/strong><br>Bureau de Ber\u00adlin Mitte (Centre)<br>Wall\u00adstra\u00dfe 15\/15a<br>10179 Ber\u00adlin<br>Alle\u00admagne<br>T\u00e9l\u00e9\u00adphone&nbsp;: +49 30 2404850<\/p>\t\t\t\t\t\t\t\t<\/div>\n\t\t\t\t<\/div>\n\t\t<div class=\"elementor-element elementor-element-f0a0456 e-con-full e-flex e-con e-child\" data-id=\"f0a0456\" data-element_type=\"container\" data-e-type=\"container\">\n\t\t\t\t<div class=\"elementor-element elementor-element-dd6cd8e elementor-widget elementor-widget-html\" data-id=\"dd6cd8e\" data-element_type=\"widget\" data-e-type=\"widget\" data-widget_type=\"html.default\">\n\t\t\t\t\t<style>\n\tbody { margin: 0; padding: 0; }\n\t#map2 { position: absolute; top: 0; bottom: 0; width: 100%; }\n<\/style>\n\n<div id=\"map2\"><\/div>\n \n<script>\n\tmapboxgl.accessToken = 'pk.eyJ1IjoiYWdyZWVtZW50IiwiYSI6ImNrYXJ2NHZrbzA1OWsyemwyZjI4NHlkYjYifQ.G5SvNE0U-r1e9b03PMBNFQ';\nvar map2 = new mapboxgl.Map({\ncontainer: 'map2',\nstyle: 'mapbox:\/\/styles\/mapbox\/streets-v11',\ncenter: [12.3014, 51.1545],\nzoom: 13\n});\n \nvar marker = new mapboxgl.Marker()\n.setLngLat([12.3014, 51.1545])\n.addTo(map2);\nmap2.addControl(new mapboxgl.NavigationControl());\n<\/script>\t\t\t\t<\/div>\n\t\t\t\t<div class=\"elementor-element elementor-element-802252c elementor-widget elementor-widget-heading\" data-id=\"802252c\" data-element_type=\"widget\" data-e-type=\"widget\" data-widget_type=\"heading.default\">\n\t\t\t\t\t<h3 class=\"elementor-heading-title elementor-size-default\">Bureau  de Groitzsch (situ\u00e9 au sud de la ville de Leipzig)<\/h3>\t\t\t\t<\/div>\n\t\t\t\t<div class=\"elementor-element elementor-element-c03bd88 elementor-icon-list--layout-traditional elementor-list-item-link-full_width elementor-widget elementor-widget-icon-list\" data-id=\"c03bd88\" data-element_type=\"widget\" data-e-type=\"widget\" data-widget_type=\"icon-list.default\">\n\t\t\t\t\t\t\t<ul class=\"elementor-icon-list-items\">\n\t\t\t\t\t\t\t<li class=\"elementor-icon-list-item\">\n\t\t\t\t\t\t\t\t\t\t\t<a href=\"\/wp-content\/uploads\/2020\/08\/Anfahrt_ILV_Groitzsch_.jpg\">\n\n\t\t\t\t\t\t\t\t\t\t\t\t<span class=\"elementor-icon-list-icon\">\n\t\t\t\t\t\t\t<svg aria-hidden=\"true\" class=\"e-font-icon-svg e-fas-map-marker-alt\" viewBox=\"0 0 384 512\"><path d=\"M172.268 501.67C26.97 291.031 0 269.413 0 192 0 85.961 85.961 0 192 0s192 85.961 192 192c0 77.413-26.97 99.031-172.268 309.67-9.535 13.774-29.93 13.773-39.464 0zM192 272c44.183 0 80-35.817 80-80s-35.817-80-80-80-80 35.817-80 80 35.817 80 80 80z\" \/><\/svg>\t\t\t\t\t\t<\/span>\n\t\t\t\t\t\t\t\t\t\t<span class=\"elementor-icon-list-text\">Ins\u00adtruc\u00adtions de t\u00e9l\u00e9\u00adchar\u00adge\u00adment de l\u2019acc\u00e8s au site (iti\u00adn\u00e9\u00adraire)<\/span>\n\t\t\t\t\t\t\t\t\t\t\t<\/a>\n\t\t\t\t\t\t\t\t\t<\/li>\n\t\t\t\t\t\t<\/ul>\n\t\t\t\t\t\t<\/div>\n\t\t\t\t<div class=\"elementor-element elementor-element-e5a0277 elementor-widget elementor-widget-text-editor\" data-id=\"e5a0277\" data-element_type=\"widget\" data-e-type=\"widget\" data-widget_type=\"text-editor.default\">\n\t\t\t\t\t\t\t\t\t<p><strong>ILV Fer\u00adner\u00adkun\u00addung GmbH<\/strong><br>Bureau de Groitzsch (pr\u00e8s de Leip\u00adzig)<br>Lei\u00adpe\u00adner Stra\u00dfe 7<br>04539 Groitzsch<br>Alle\u00admagne<br>T\u00e9l\u00e9\u00adphone&nbsp;: +49 34296 9560<\/p>\t\t\t\t\t\t\t\t<\/div>\n\t\t\t\t<\/div>\n\t\t\t\t\t<\/div>\n\t\t\t\t<\/div>\n\t\t\t\t<\/div>\n\t\t","protected":false},"excerpt":{"rendered":"<p>Si vous \u00eates int\u00e9\u00adres\u00ads\u00e9s par nos ser\u00advices, nous atten\u00addons votre mes\u00adsage ou votre appel&nbsp;! Site de Ber\u00adlin Ins\u00adtruc\u00adtions de t\u00e9l\u00e9\u00adchar\u00adge\u00adment concer\u00adnant l\u2019acc\u00e8s au site (iti\u00adn\u00e9\u00adraire) ILV Fer\u00adner\u00adkun\u00addung GmbH\u00adBu\u00adreau de Ber\u00adlin Mitte (Centre)Wall\u00adstra\u00dfe 15\/15a10179 Ber\u00adlinAlle\u00admagneT\u00e9l\u00e9\u00adphone&nbsp;: +49 30 2404850 Bureau de Groitzsch (situ\u00e9 au sud de la ville de Leip\u00adzig) Ins\u00adtruc\u00adtions de t\u00e9l\u00e9\u00adchar\u00adge\u00adment de l\u2019acc\u00e8s au site [\u2026]<\/p>\n","protected":false},"author":1,"featured_media":3735,"parent":0,"menu_order":5,"comment_status":"closed","ping_status":"closed","template":"","meta":{"wp_typography_post_enhancements_disabled":false,"footnotes":""},"class_list":["post-3733","page","type-page","status-publish","has-post-thumbnail","hentry","entry"],"_links":{"self":[{"href":"https:\/\/ilv-fernerkundung.de\/fr\/wp-json\/wp\/v2\/pages\/3733","targetHints":{"allow":["GET"]}}],"collection":[{"href":"https:\/\/ilv-fernerkundung.de\/fr\/wp-json\/wp\/v2\/pages"}],"about":[{"href":"https:\/\/ilv-fernerkundung.de\/fr\/wp-json\/wp\/v2\/types\/page"}],"author":[{"embeddable":true,"href":"https:\/\/ilv-fernerkundung.de\/fr\/wp-json\/wp\/v2\/users\/1"}],"replies":[{"embeddable":true,"href":"https:\/\/ilv-fernerkundung.de\/fr\/wp-json\/wp\/v2\/comments?post=3733"}],"version-history":[{"count":16,"href":"https:\/\/ilv-fernerkundung.de\/fr\/wp-json\/wp\/v2\/pages\/3733\/revisions"}],"predecessor-version":[{"id":6428,"href":"https:\/\/ilv-fernerkundung.de\/fr\/wp-json\/wp\/v2\/pages\/3733\/revisions\/6428"}],"wp:featuredmedia":[{"embeddable":true,"href":"https:\/\/ilv-fernerkundung.de\/fr\/wp-json\/wp\/v2\/media\/3735"}],"wp:attachment":[{"href":"https:\/\/ilv-fernerkundung.de\/fr\/wp-json\/wp\/v2\/media?parent=3733"}],"curies":[{"name":"wp","href":"https:\/\/api.w.org\/{rel}","templated":true}]}}